{"id":1409,"date":"2020-03-24T17:53:03","date_gmt":"2020-03-24T16:53:03","guid":{"rendered":"https:\/\/www.flexifilter.cz\/?post_type=product&#038;p=1409"},"modified":"2023-01-18T13:00:56","modified_gmt":"2023-01-18T12:00:56","slug":"flexifilter-400","status":"publish","type":"product","link":"https:\/\/www.flexifilter.com\/cs_cz\/produkt\/flexifilter-400\/","title":{"rendered":"FlexiFilter 400"},"content":{"rendered":"<p>The FlexiFilter filter material is suitable as a replacement for common filter cartridges for sand and cartridge filters. The FlexiFilter 400 package contains round filters of \u00f840 cm (4.5 cm thick).<\/p>\n<ul>\n<li>When <strong>used alone<\/strong>, it is possible to stack several round filters on top of each other in the filter housing.<\/li>\n<li><span style=\"color: #000000;\">A &#8222;<a href=\"https:\/\/www.flexifilter.cz\/produkt\/flexifilter-300g\/\">FlexiFilter 50<\/a>&#8220; filter cartridge is recommended as an accessory part of the filter. It is designed for a deep filtration of liquids. The round filter ensures the overall efficiency of the filtration, the &#8222;<a href=\"https:\/\/www.flexifilter.cz\/produkt\/flexifilter-300g\/\">FlexiFilter 50<\/a>&#8220; cartridge ensures the volume capacity of your filtration.<br \/>\n<\/span>If you combine the cartridge with FlexiFilter 50 cubes, insert the round filter as the last layer. Never fill the filter housing completely.<\/li>\n<\/ul>\n<p>FlexiFilter is a highly efficient filter for industrial and domestic use. FlexiFilter is a filter material with an excellent efficiency. It has a higher filtration capacity compared to traditional sand, cartridge, and other filters. Thanks to a deep filtration, it absorbs a larger number of impurities. The material is lightweight for easy handling. FlexiFilter works with a very low pressure drop.<\/p>\n<p><strong>The right size choice<\/strong><\/p>\n<p>In the pool skimmer, the round cartouche of the pre-filter is inserted either into the space of the housing <em>(the diameter marked in red in the photo)<\/em> or into the deep sieve basket <em>(the dimension marked in yellow in the photo).<\/em> Please make sure that the material does not interfere when opening the skimmer door. Always choose a slightly larger pre-filter diameter than the measured dimension.<\/p>\n<p><strong>Benefits of FlexiFilter:<\/strong><\/p>\n<ul>\n<li>Trapping of impurities of up to 0.003mm.<\/li>\n<li><span style=\"font-size: 1rem;\">Easy handling and replacement.<\/span><\/li>\n<li>A low pressure drop = energy savings<\/li>\n<li>High absorption of impurities by a depth filtration.<\/li>\n<\/ul>\n<p>Delivery time: dispatch 1-14 days from order confirmation (based on the stock).<br \/>\nDelivery: The products are delivered by a delivery service provider.<br \/>\nWarranty period: 24 months.<br \/>\nPackaging: the transport bag contains 1 piece of a round filter of 40 cm diameter.<\/p>\n<p><strong>Instructions for use<br \/>\n<\/strong>Please note the following instructions when using:<\/p>\n<ol>\n<li>Disconnect the filter device from the power supply.<\/li>\n<li>Open the filter housing lid according to the manufacturer\u2019s instructions.<\/li>\n<li>Remove the original filter material (cartouche, filter inserts, etc.)<\/li>\n<li>As a precaution, check all seals and clean them of dirt.<\/li>\n<li>Place the FlexiFilter round filters in the filter housing. If you combine a cartridge with FlexiFilter 50 cubes, insert the round filter as the last layer.<\/li>\n<li>Assemble and connect the filter device according to the manufacturer&#8217;s instructions.<\/li>\n<\/ol>\n<p><strong>Note for systems with automatic backflushing:<br \/>\n<\/strong>As the FlexiFilter pressure increases only slightly due to the dirt, automatic backflushing will not be triggered. Therefore, check the flow rate on the pressure gauge regularly and if necessary, start the backflushing manually.<\/p>\n<p>&nbsp;<\/p>\n","protected":false},"excerpt":{"rendered":"<p>The FlexiFilter filter material is suitable as a replacement for common filter cartridges for sand and cartridge filters. The FlexiFilter 400 package contains round filters of \u00f840 cm (4.5 cm thick). When used alone, it is possible to stack several round filters on top of each other in the filter housing. A &#8222;FlexiFilter 50&#8220; filter [&hellip;]<\/p>\n","protected":false},"featured_media":1537,"template":"","meta":[],"product_cat":[28],"product_tag":[33,36],"class_list":{"0":"post-1409","1":"product","2":"type-product","3":"status-publish","4":"has-post-thumbnail","6":"product_cat-filter-material","7":"product_tag-round-filters","8":"product_tag-replacement-of-filter-sand","9":"product_shipping_class-doprava-127-kc","11":"first","12":"instock","13":"taxable","14":"shipping-taxable","15":"product-type-simple"},"yoast_head":"<!-- This site is optimized with the Yoast SEO plugin v22.0 - https:\/\/yoast.com\/wordpress\/plugins\/seo\/ -->\n<title>FlexiFilter 400 - FlexiFilter<\/title>\n<meta name=\"robots\" content=\"index, follow, max-snippet:-1, max-image-preview:large, max-video-preview:-1\" \/>\n<link rel=\"canonical\" href=\"https:\/\/www.flexifilter.com\/produkt\/flexifilter-400\/\" \/>\n<meta property=\"og:locale\" content=\"cs_CZ\" \/>\n<meta property=\"og:type\" content=\"article\" \/>\n<meta property=\"og:title\" content=\"FlexiFilter 400 - FlexiFilter\" \/>\n<meta property=\"og:description\" content=\"The FlexiFilter filter material is suitable as a replacement for common filter cartridges for sand and cartridge filters. The FlexiFilter 400 package contains round filters of \u00f840 cm (4.5 cm thick). When used alone, it is possible to stack several round filters on top of each other in the filter housing. A &#8222;FlexiFilter 50&#8220; filter [&hellip;]\" \/>\n<meta property=\"og:url\" content=\"https:\/\/www.flexifilter.com\/produkt\/flexifilter-400\/\" \/>\n<meta property=\"og:site_name\" content=\"FlexiFilter\" \/>\n<meta property=\"article:modified_time\" content=\"2023-01-18T12:00:56+00:00\" \/>\n<meta property=\"og:image\" content=\"https:\/\/www.flexifilter.com\/wp-content\/uploads\/flexifilter-400.png\" \/>\n\t<meta property=\"og:image:width\" content=\"1200\" \/>\n\t<meta property=\"og:image:height\" content=\"1200\" \/>\n\t<meta property=\"og:image:type\" content=\"image\/png\" \/>\n<meta name=\"twitter:card\" content=\"summary_large_image\" \/>\n<meta name=\"twitter:label1\" content=\"Odhadovan\u00e1 doba \u010dten\u00ed\" \/>\n\t<meta name=\"twitter:data1\" content=\"2 minuty\" \/>\n<script type=\"application\/ld+json\" class=\"yoast-schema-graph\">{\"@context\":\"https:\/\/schema.org\",\"@graph\":[{\"@type\":\"WebPage\",\"@id\":\"https:\/\/www.flexifilter.com\/produkt\/flexifilter-400\/\",\"url\":\"https:\/\/www.flexifilter.com\/produkt\/flexifilter-400\/\",\"name\":\"FlexiFilter 400 - FlexiFilter\",\"isPartOf\":{\"@id\":\"https:\/\/www.flexifilter.com\/#website\"},\"datePublished\":\"2020-03-24T16:53:03+00:00\",\"dateModified\":\"2023-01-18T12:00:56+00:00\",\"breadcrumb\":{\"@id\":\"https:\/\/www.flexifilter.com\/produkt\/flexifilter-400\/#breadcrumb\"},\"inLanguage\":\"cs\",\"potentialAction\":[{\"@type\":\"ReadAction\",\"target\":[\"https:\/\/www.flexifilter.com\/produkt\/flexifilter-400\/\"]}]},{\"@type\":\"BreadcrumbList\",\"@id\":\"https:\/\/www.flexifilter.com\/produkt\/flexifilter-400\/#breadcrumb\",\"itemListElement\":[{\"@type\":\"ListItem\",\"position\":1,\"name\":\"Dom\u016f\",\"item\":\"https:\/\/www.flexifilter.com\/\"},{\"@type\":\"ListItem\",\"position\":2,\"name\":\"Obchod\",\"item\":\"https:\/\/www.flexifilter.com\/obchod\/\"},{\"@type\":\"ListItem\",\"position\":3,\"name\":\"FlexiFilter 400\"}]},{\"@type\":\"WebSite\",\"@id\":\"https:\/\/www.flexifilter.com\/#website\",\"url\":\"https:\/\/www.flexifilter.com\/\",\"name\":\"FlexiFilter\",\"description\":\"new filter material\",\"potentialAction\":[{\"@type\":\"SearchAction\",\"target\":{\"@type\":\"EntryPoint\",\"urlTemplate\":\"https:\/\/www.flexifilter.com\/?s={search_term_string}\"},\"query-input\":\"required name=search_term_string\"}],\"inLanguage\":\"cs\"}]}<\/script>\n<!-- \/ Yoast SEO plugin. -->","yoast_head_json":{"title":"FlexiFilter 400 - FlexiFilter","robots":{"index":"index","follow":"follow","max-snippet":"max-snippet:-1","max-image-preview":"max-image-preview:large","max-video-preview":"max-video-preview:-1"},"canonical":"https:\/\/www.flexifilter.com\/produkt\/flexifilter-400\/","og_locale":"cs_CZ","og_type":"article","og_title":"FlexiFilter 400 - FlexiFilter","og_description":"The FlexiFilter filter material is suitable as a replacement for common filter cartridges for sand and cartridge filters. The FlexiFilter 400 package contains round filters of \u00f840 cm (4.5 cm thick). When used alone, it is possible to stack several round filters on top of each other in the filter housing. A &#8222;FlexiFilter 50&#8220; filter [&hellip;]","og_url":"https:\/\/www.flexifilter.com\/produkt\/flexifilter-400\/","og_site_name":"FlexiFilter","article_modified_time":"2023-01-18T12:00:56+00:00","og_image":[{"width":1200,"height":1200,"url":"https:\/\/www.flexifilter.com\/wp-content\/uploads\/flexifilter-400.png","type":"image\/png"}],"twitter_card":"summary_large_image","twitter_misc":{"Odhadovan\u00e1 doba \u010dten\u00ed":"2 minuty"},"schema":{"@context":"https:\/\/schema.org","@graph":[{"@type":"WebPage","@id":"https:\/\/www.flexifilter.com\/produkt\/flexifilter-400\/","url":"https:\/\/www.flexifilter.com\/produkt\/flexifilter-400\/","name":"FlexiFilter 400 - FlexiFilter","isPartOf":{"@id":"https:\/\/www.flexifilter.com\/#website"},"datePublished":"2020-03-24T16:53:03+00:00","dateModified":"2023-01-18T12:00:56+00:00","breadcrumb":{"@id":"https:\/\/www.flexifilter.com\/produkt\/flexifilter-400\/#breadcrumb"},"inLanguage":"cs","potentialAction":[{"@type":"ReadAction","target":["https:\/\/www.flexifilter.com\/produkt\/flexifilter-400\/"]}]},{"@type":"BreadcrumbList","@id":"https:\/\/www.flexifilter.com\/produkt\/flexifilter-400\/#breadcrumb","itemListElement":[{"@type":"ListItem","position":1,"name":"Dom\u016f","item":"https:\/\/www.flexifilter.com\/"},{"@type":"ListItem","position":2,"name":"Obchod","item":"https:\/\/www.flexifilter.com\/obchod\/"},{"@type":"ListItem","position":3,"name":"FlexiFilter 400"}]},{"@type":"WebSite","@id":"https:\/\/www.flexifilter.com\/#website","url":"https:\/\/www.flexifilter.com\/","name":"FlexiFilter","description":"new filter material","potentialAction":[{"@type":"SearchAction","target":{"@type":"EntryPoint","urlTemplate":"https:\/\/www.flexifilter.com\/?s={search_term_string}"},"query-input":"required name=search_term_string"}],"inLanguage":"cs"}]}},"_links":{"self":[{"href":"https:\/\/www.flexifilter.com\/cs_cz\/wp-json\/wp\/v2\/product\/1409","targetHints":{"allow":["GET"]}}],"collection":[{"href":"https:\/\/www.flexifilter.com\/cs_cz\/wp-json\/wp\/v2\/product"}],"about":[{"href":"https:\/\/www.flexifilter.com\/cs_cz\/wp-json\/wp\/v2\/types\/product"}],"wp:featuredmedia":[{"embeddable":true,"href":"https:\/\/www.flexifilter.com\/cs_cz\/wp-json\/wp\/v2\/media\/1537"}],"wp:attachment":[{"href":"https:\/\/www.flexifilter.com\/cs_cz\/wp-json\/wp\/v2\/media?parent=1409"}],"wp:term":[{"taxonomy":"product_cat","embeddable":true,"href":"https:\/\/www.flexifilter.com\/cs_cz\/wp-json\/wp\/v2\/product_cat?post=1409"},{"taxonomy":"product_tag","embeddable":true,"href":"https:\/\/www.flexifilter.com\/cs_cz\/wp-json\/wp\/v2\/product_tag?post=1409"}],"curies":[{"name":"wp","href":"https:\/\/api.w.org\/{rel}","templated":true}]}}