{"id":7697,"date":"2021-05-21T22:21:49","date_gmt":"2021-05-21T20:21:49","guid":{"rendered":"https:\/\/www.flexifilter.eu\/?post_type=product&#038;p=7697"},"modified":"2023-01-18T12:55:34","modified_gmt":"2023-01-18T11:55:34","slug":"flexifilter-120-4-ks-v-baleni-nahrada-filtracnich-kartusi","status":"publish","type":"product","link":"https:\/\/www.flexifilter.com\/de_de\/produkt\/flexifilter-120-4-ks-v-baleni-nahrada-filtracnich-kartusi\/","title":{"rendered":"FlexiFilter 120 (4 St\u00fcck im Paket), Austausch von Filterpatronen"},"content":{"rendered":"<p>The FlexiFilter filter material is suitable as a replacement for common filter cartridges for sand and cartridge filters. The FlexiFilter 120 package contains four round filters of \u00f812 cm (4.5 cm thick).<\/p>\n<ul>\n<li><strong>Replacement of filter cartridges.<\/strong> When used alone, it is possible to stack several round filters on top of each other in a filter vessel.<\/li>\n<\/ul>\n<p>FlexiFilter is a highly efficient filter for industrial and domestic use. FlexiFilter is a filter material with an excellent efficiency. It has a higher filtration capacity compared to traditional sand, cartridge, and other filters. Thanks to a deep filtration, it absorbs a larger number of impurities. The material is lightweight for easy handling. FlexiFilter works with a very low pressure drop.<\/p>\n<p><strong>The right size choice<\/strong><br \/>\nThe circular filter insert is inserted into the cartridge compartment. Always choose a slightly larger diameter.<\/p>\n<p><strong>Benefits of FlexiFilter:<\/strong><\/p>\n<ul>\n<li>Trapping of impurities of up to 0.003mm.<\/li>\n<li>Easy handling and replacement.<\/li>\n<li>A low pressure drop = energy savings<\/li>\n<li>High absorption of impurities by a depth filtration.<\/li>\n<\/ul>\n<p>Delivery time: dispatch 1-14 days from order confirmation (based on the stock).<br \/>\nDelivery: The products are delivered by a delivery service provider.<br \/>\nWarranty period: 24 months.<br \/>\nPackaging: the transport bag contains 2 pieces of a round filter of 14 cm diameter.<\/p>\n<p><strong>Instructions for use<\/strong><br \/>\nPlease note the following instructions when using:<\/p>\n<ol>\n<li>Disconnect the filter device from the power supply.<\/li>\n<li>Open the filter housing lid according to the manufacturer\u2019s instructions.<\/li>\n<li>Remove the original filter material (cartouche, filter inserts, etc.)<\/li>\n<li>As a precaution, check all seals and clean them of dirt.<\/li>\n<li>Stack FlexiFilter round filters in the filter housing.<\/li>\n<li>Assemble and connect the filter device according to the manufacturer&#8217;s instructions.<\/li>\n<\/ol>\n<p><strong>Note for systems with automatic backflushing:<\/strong><br \/>\nAs the FlexiFilter pressure increases only slightly due to the dirt, automatic backflushing will not be triggered. Therefore, check the flow rate on the pressure gauge regularly and if necessary, start the backflushing manually.<\/p>\n","protected":false},"excerpt":{"rendered":"<p>Das Filtermaterial FlexiFilter eignet sich als Ersatz f\u00fcr g\u00e4ngige Filterpatronen f\u00fcr Sand- und Patronenfilter. Das Paket von FlexiFilter 120 enth\u00e4lt vier St\u00fccke Rundfilter mit dem Durchmesser von 12 cm (4,5 cm dick).<\/p>\n<ul>\n<li><strong>Austausch von Filterpatronen.<\/strong> Bei alleiniger Verwendung k\u00f6nnen mehrere Rundfilter in einem Filtergeh\u00e4use \u00fcbereinandergestapelt werden.<\/li>\n<\/ul>\n","protected":false},"featured_media":7702,"template":"","meta":[],"product_cat":[28],"product_tag":[33,35,32],"class_list":{"0":"post-7697","1":"product","2":"type-product","3":"status-publish","4":"has-post-thumbnail","6":"product_cat-filter-material","7":"product_tag-round-filters","8":"product_tag-cartridge-filtration-replacement","9":"product_tag-pre-filter","10":"product_shipping_class-doprava-127-kc","12":"first","13":"instock","14":"taxable","15":"shipping-taxable","16":"product-type-simple"},"yoast_head":"<!-- This site is optimized with the Yoast SEO plugin v22.0 - https:\/\/yoast.com\/wordpress\/plugins\/seo\/ -->\n<title>FlexiFilter 120 (4 pcs in package), replacement for common filter cartridges - FlexiFilter<\/title>\n<meta name=\"robots\" content=\"index, follow, max-snippet:-1, max-image-preview:large, max-video-preview:-1\" \/>\n<link rel=\"canonical\" href=\"https:\/\/www.flexifilter.com\/produkt\/flexifilter-120-4-ks-v-baleni-nahrada-filtracnich-kartusi\/\" \/>\n<meta property=\"og:locale\" content=\"de_DE\" \/>\n<meta property=\"og:type\" content=\"article\" \/>\n<meta property=\"og:title\" content=\"FlexiFilter 120 (4 pcs in package), replacement for common filter cartridges - FlexiFilter\" \/>\n<meta property=\"og:description\" content=\"Das Filtermaterial FlexiFilter eignet sich als Ersatz f\u00fcr g\u00e4ngige Filterpatronen f\u00fcr Sand- und Patronenfilter. Das Paket von FlexiFilter 120 enth\u00e4lt vier St\u00fccke Rundfilter mit dem Durchmesser von 12 cm (4,5 cm dick).   Austausch von Filterpatronen. Bei alleiniger Verwendung k\u00f6nnen mehrere Rundfilter in einem Filtergeh\u00e4use \u00fcbereinandergestapelt werden.\" \/>\n<meta property=\"og:url\" content=\"https:\/\/www.flexifilter.com\/produkt\/flexifilter-120-4-ks-v-baleni-nahrada-filtracnich-kartusi\/\" \/>\n<meta property=\"og:site_name\" content=\"FlexiFilter\" \/>\n<meta property=\"article:modified_time\" content=\"2023-01-18T11:55:34+00:00\" \/>\n<meta property=\"og:image\" content=\"https:\/\/www.flexifilter.com\/wp-content\/uploads\/flexi-120-cz-02.jpg\" \/>\n\t<meta property=\"og:image:width\" content=\"1200\" \/>\n\t<meta property=\"og:image:height\" content=\"1200\" \/>\n\t<meta property=\"og:image:type\" content=\"image\/jpeg\" \/>\n<meta name=\"twitter:card\" content=\"summary_large_image\" \/>\n<meta name=\"twitter:label1\" content=\"Est. reading time\" \/>\n\t<meta name=\"twitter:data1\" content=\"2 minutes\" \/>\n<script type=\"application\/ld+json\" class=\"yoast-schema-graph\">{\"@context\":\"https:\/\/schema.org\",\"@graph\":[{\"@type\":\"WebPage\",\"@id\":\"https:\/\/www.flexifilter.com\/produkt\/flexifilter-120-4-ks-v-baleni-nahrada-filtracnich-kartusi\/\",\"url\":\"https:\/\/www.flexifilter.com\/produkt\/flexifilter-120-4-ks-v-baleni-nahrada-filtracnich-kartusi\/\",\"name\":\"FlexiFilter 120 (4 pcs in package), replacement for common filter cartridges - FlexiFilter\",\"isPartOf\":{\"@id\":\"https:\/\/www.flexifilter.com\/#website\"},\"datePublished\":\"2021-05-21T20:21:49+00:00\",\"dateModified\":\"2023-01-18T11:55:34+00:00\",\"breadcrumb\":{\"@id\":\"https:\/\/www.flexifilter.com\/produkt\/flexifilter-120-4-ks-v-baleni-nahrada-filtracnich-kartusi\/#breadcrumb\"},\"inLanguage\":\"de-DE\",\"potentialAction\":[{\"@type\":\"ReadAction\",\"target\":[\"https:\/\/www.flexifilter.com\/produkt\/flexifilter-120-4-ks-v-baleni-nahrada-filtracnich-kartusi\/\"]}]},{\"@type\":\"BreadcrumbList\",\"@id\":\"https:\/\/www.flexifilter.com\/produkt\/flexifilter-120-4-ks-v-baleni-nahrada-filtracnich-kartusi\/#breadcrumb\",\"itemListElement\":[{\"@type\":\"ListItem\",\"position\":1,\"name\":\"Dom\u016f\",\"item\":\"https:\/\/www.flexifilter.com\/\"},{\"@type\":\"ListItem\",\"position\":2,\"name\":\"Obchod\",\"item\":\"https:\/\/www.flexifilter.com\/obchod\/\"},{\"@type\":\"ListItem\",\"position\":3,\"name\":\"FlexiFilter 120 (4 pcs in package), replacement for common filter cartridges\"}]},{\"@type\":\"WebSite\",\"@id\":\"https:\/\/www.flexifilter.com\/#website\",\"url\":\"https:\/\/www.flexifilter.com\/\",\"name\":\"FlexiFilter\",\"description\":\"new filter material\",\"potentialAction\":[{\"@type\":\"SearchAction\",\"target\":{\"@type\":\"EntryPoint\",\"urlTemplate\":\"https:\/\/www.flexifilter.com\/?s={search_term_string}\"},\"query-input\":\"required name=search_term_string\"}],\"inLanguage\":\"de-DE\"}]}<\/script>\n<!-- \/ Yoast SEO plugin. -->","yoast_head_json":{"title":"FlexiFilter 120 (4 pcs in package), replacement for common filter cartridges - FlexiFilter","robots":{"index":"index","follow":"follow","max-snippet":"max-snippet:-1","max-image-preview":"max-image-preview:large","max-video-preview":"max-video-preview:-1"},"canonical":"https:\/\/www.flexifilter.com\/produkt\/flexifilter-120-4-ks-v-baleni-nahrada-filtracnich-kartusi\/","og_locale":"de_DE","og_type":"article","og_title":"FlexiFilter 120 (4 pcs in package), replacement for common filter cartridges - FlexiFilter","og_description":"Das Filtermaterial FlexiFilter eignet sich als Ersatz f\u00fcr g\u00e4ngige Filterpatronen f\u00fcr Sand- und Patronenfilter. Das Paket von FlexiFilter 120 enth\u00e4lt vier St\u00fccke Rundfilter mit dem Durchmesser von 12 cm (4,5 cm dick).   Austausch von Filterpatronen. Bei alleiniger Verwendung k\u00f6nnen mehrere Rundfilter in einem Filtergeh\u00e4use \u00fcbereinandergestapelt werden.","og_url":"https:\/\/www.flexifilter.com\/produkt\/flexifilter-120-4-ks-v-baleni-nahrada-filtracnich-kartusi\/","og_site_name":"FlexiFilter","article_modified_time":"2023-01-18T11:55:34+00:00","og_image":[{"width":1200,"height":1200,"url":"https:\/\/www.flexifilter.com\/wp-content\/uploads\/flexi-120-cz-02.jpg","type":"image\/jpeg"}],"twitter_card":"summary_large_image","twitter_misc":{"Est. reading time":"2 minutes"},"schema":{"@context":"https:\/\/schema.org","@graph":[{"@type":"WebPage","@id":"https:\/\/www.flexifilter.com\/produkt\/flexifilter-120-4-ks-v-baleni-nahrada-filtracnich-kartusi\/","url":"https:\/\/www.flexifilter.com\/produkt\/flexifilter-120-4-ks-v-baleni-nahrada-filtracnich-kartusi\/","name":"FlexiFilter 120 (4 pcs in package), replacement for common filter cartridges - FlexiFilter","isPartOf":{"@id":"https:\/\/www.flexifilter.com\/#website"},"datePublished":"2021-05-21T20:21:49+00:00","dateModified":"2023-01-18T11:55:34+00:00","breadcrumb":{"@id":"https:\/\/www.flexifilter.com\/produkt\/flexifilter-120-4-ks-v-baleni-nahrada-filtracnich-kartusi\/#breadcrumb"},"inLanguage":"de-DE","potentialAction":[{"@type":"ReadAction","target":["https:\/\/www.flexifilter.com\/produkt\/flexifilter-120-4-ks-v-baleni-nahrada-filtracnich-kartusi\/"]}]},{"@type":"BreadcrumbList","@id":"https:\/\/www.flexifilter.com\/produkt\/flexifilter-120-4-ks-v-baleni-nahrada-filtracnich-kartusi\/#breadcrumb","itemListElement":[{"@type":"ListItem","position":1,"name":"Dom\u016f","item":"https:\/\/www.flexifilter.com\/"},{"@type":"ListItem","position":2,"name":"Obchod","item":"https:\/\/www.flexifilter.com\/obchod\/"},{"@type":"ListItem","position":3,"name":"FlexiFilter 120 (4 pcs in package), replacement for common filter cartridges"}]},{"@type":"WebSite","@id":"https:\/\/www.flexifilter.com\/#website","url":"https:\/\/www.flexifilter.com\/","name":"FlexiFilter","description":"new filter material","potentialAction":[{"@type":"SearchAction","target":{"@type":"EntryPoint","urlTemplate":"https:\/\/www.flexifilter.com\/?s={search_term_string}"},"query-input":"required name=search_term_string"}],"inLanguage":"de-DE"}]}},"_links":{"self":[{"href":"https:\/\/www.flexifilter.com\/de_de\/wp-json\/wp\/v2\/product\/7697","targetHints":{"allow":["GET"]}}],"collection":[{"href":"https:\/\/www.flexifilter.com\/de_de\/wp-json\/wp\/v2\/product"}],"about":[{"href":"https:\/\/www.flexifilter.com\/de_de\/wp-json\/wp\/v2\/types\/product"}],"wp:featuredmedia":[{"embeddable":true,"href":"https:\/\/www.flexifilter.com\/de_de\/wp-json\/wp\/v2\/media\/7702"}],"wp:attachment":[{"href":"https:\/\/www.flexifilter.com\/de_de\/wp-json\/wp\/v2\/media?parent=7697"}],"wp:term":[{"taxonomy":"product_cat","embeddable":true,"href":"https:\/\/www.flexifilter.com\/de_de\/wp-json\/wp\/v2\/product_cat?post=7697"},{"taxonomy":"product_tag","embeddable":true,"href":"https:\/\/www.flexifilter.com\/de_de\/wp-json\/wp\/v2\/product_tag?post=7697"}],"curies":[{"name":"wp","href":"https:\/\/api.w.org\/{rel}","templated":true}]}}